{"id":121,"date":"2020-07-18T11:54:53","date_gmt":"2020-07-18T09:54:53","guid":{"rendered":"http:\/\/terrains.immo\/index.php\/materialis\/"},"modified":"2022-07-22T06:07:38","modified_gmt":"2022-07-22T04:07:38","slug":"materialis","status":"publish","type":"page","link":"https:\/\/terrains.immo\/","title":{"rendered":"QUELQUES TERRAINS"},"content":{"rendered":"\n<div data-label=\"About\" data-id=\"about--1\" data-export-id=\"about-4\" data-category=\"about\" class=\"about-4 content-section content-section-spacing-large\" id=\"about-1\" style=\"background-color: rgb(245, 250, 253);\"><div class=\"gridContainer\"> <div class=\"row middle-sm text-center\"><div class=\"col-sm-5 space-bottom-xs\" data-type=\"column\"> <h5 class=\"\">HA.immo vous conseille et vous suit sur votre projet de terrain<\/h5> <h2 class=\"\">l\u2019achat d\u2019un terrain un vrai projet de vie<\/h2> <p class=\"\">Un secteur, un type de terrain, viabilis\u00e9 ou non, en lotissement ou en diffus, plat ou en espalier\u2026.\n<br>\nBeaucoup de param\u00e8tres \u00e0 prendre en compte avant d\u2019acheter un terrain !<\/p> <a class=\"button big color1 mdc-ripple-upgraded\" href=\"https:\/\/www.ha.immo\/catalog\/advanced_search_result.php?action=update_search&amp;search_id=&amp;map_polygone=&amp;C_28_search=EGAL&amp;C_28_type=UNIQUE&amp;C_28=Vente&amp;C_28_tmp=Vente&amp;C_27_search=EGAL&amp;C_27_type=TEXT&amp;C_27=10&amp;C_27_tmp=10&amp;C_34_MIN=&amp;C_34_search=COMPRIS&amp;C_34_type=NUMBER&amp;C_30_search=COMPRIS&amp;C_30_type=NUMBER&amp;C_30_MAX=&amp;C_65_search=CONTIENT&amp;C_65_type=TEXT&amp;C_65=&amp;keywords=&amp;C_30_MIN=&amp;C_33_search=COMPRIS&amp;C_33_type=NUMBER&amp;C_33_MIN=&amp;C_33_MAX=&amp;C_34_MAX=&amp;C_36_MIN%5B0%5D=&amp;C_36_MIN%5B1%5D=&amp;C_36_search%5B0%5D=COMPRIS&amp;C_36_search%5B1%5D=COMPRIS&amp;C_36_type%5B0%5D=NUMBER&amp;C_36_type%5B1%5D=NUMBER&amp;C_38_MAX=&amp;C_38_MIN=&amp;C_38_search=COMPRIS&amp;C_38_type=NUMBER&amp;C_47_type=NUMBER&amp;C_47_search=COMPRIS&amp;C_47_MIN=&amp;C_94_type=FLAG&amp;C_94_search=EGAL&amp;C_94=\" target=\"_self\" data-cp-link=\"1\" rel=\"noopener noreferrer\">VOIR LES TERRAINS<\/a><\/div> <div class=\"col-sm-7 flexbox center-xs middle-xs image-group-2-img padding-top-bottom\"> <img class=\"img-1 rounded mdc-elevation--z10\" data-size=\"250x200\" src=\"http:\/\/terrains.immo\/wp-content\/uploads\/2019\/05\/cropped-FCP2019123-1.jpg\"> <img class=\"img-2 rounded mdc-elevation--z10\" data-size=\"220x170\" src=\"http:\/\/terrains.immo\/wp-content\/uploads\/2020\/07\/cropped-TERRAIN-pour-site.jpg\"><\/div> <\/div><\/div> <\/div>\n\n\n<div class=\"gridContainer\">\n<p class=\"has-medium-font-size\">Aujourd&rsquo;hui plus qu&rsquo;hier les choses \u00e9voluent rapidement. Les PLU changent et sont r\u00e9vis\u00e9s, les r\u00e8gles de divisions \u00e9voluent elles aussi. Il est donc indispensable pour un projet d&rsquo;achat d&rsquo;un terrain plus d&rsquo;une construction d&rsquo;une maison de s&rsquo;entourer de Sp\u00e9cialistes.<br>Les Conseillers HA sont tous form\u00e9s pour vous apporter le maximum de renseignements et de conseils pour votre projets<\/p>\n<\/div>\n\n<div class=\"gridContainer\">\n<p><\/p>\n<\/div>\n\n<div class=\"gridContainer\">\n<p class=\"has-text-align-center\"><\/p>\n<\/div>\n\n\n<div id=\"contact-1\" data-label=\"Contact\" data-id=\"contact-1\" data-export-id=\"contact-1\" data-category=\"contact\" class=\"contact-1 content-section content-section-spacing-large content-relative white-text\" data-parallax-depth=\"20\"><div class=\"gridContainer\"> <div class=\"row text-center\"><div class=\"section-title-col\" data-type=\"column\"> <h2 class=\"\">Contact R\u00e9union<\/h2> <p class=\"lead\">Vous pouvez nous joindre au 0262 55 15 32<\/p><\/div> <\/div> <div class=\"row text-center\"> <div class=\"col-xs-12 col-sm-8 col-sm-offset-2 contact-form-wrapper inline-info\"> <div class=\"card mdc-elevation--z3 col-padding-top\"> <div class=\"dark-text\" data-content-shortcode=\"materialis_contact_form shortcode=&quot;Le site terrains.immo est g\u00e9r\u00e9 par HA.immo&quot;\" data-editable=\"true\">[Le site terrains.immo est g\u00e9r\u00e9 par HA.immo]<\/div><\/div> <\/div><\/div> <\/div><\/div>\n","protected":false},"excerpt":{"rendered":"<p>Aujourd&rsquo;hui plus qu&rsquo;hier les choses \u00e9voluent rapidement. Les PLU changent et sont r\u00e9vis\u00e9s, les r\u00e8gles de divisions \u00e9voluent elles aussi. Il est donc indispensable pour un projet d&rsquo;achat d&rsquo;un terrain plus d&rsquo;une construction d&rsquo;une maison de s&rsquo;entourer de Sp\u00e9cialistes.Les Conseillers HA sont tous form\u00e9s pour vous apporter le maximum de renseignements et de conseils pour&nbsp;&hellip;<\/p>\n","protected":false},"author":1,"featured_media":0,"parent":0,"menu_order":0,"comment_status":"closed","ping_status":"closed","template":"page-templates\/homepage.php","meta":[],"_links":{"self":[{"href":"https:\/\/terrains.immo\/index.php\/wp-json\/wp\/v2\/pages\/121"}],"collection":[{"href":"https:\/\/terrains.immo\/index.php\/wp-json\/wp\/v2\/pages"}],"about":[{"href":"https:\/\/terrains.immo\/index.php\/wp-json\/wp\/v2\/types\/page"}],"author":[{"embeddable":true,"href":"https:\/\/terrains.immo\/index.php\/wp-json\/wp\/v2\/users\/1"}],"replies":[{"embeddable":true,"href":"https:\/\/terrains.immo\/index.php\/wp-json\/wp\/v2\/comments?post=121"}],"version-history":[{"count":34,"href":"https:\/\/terrains.immo\/index.php\/wp-json\/wp\/v2\/pages\/121\/revisions"}],"predecessor-version":[{"id":376,"href":"https:\/\/terrains.immo\/index.php\/wp-json\/wp\/v2\/pages\/121\/revisions\/376"}],"wp:attachment":[{"href":"https:\/\/terrains.immo\/index.php\/wp-json\/wp\/v2\/media?parent=121"}],"curies":[{"name":"wp","href":"https:\/\/api.w.org\/{rel}","templated":true}]}}